{"id":74,"date":"2020-12-29T20:00:04","date_gmt":"2020-12-29T19:00:04","guid":{"rendered":"https:\/\/www.kuruc.sk\/?page_id=74"},"modified":"2020-12-29T23:07:18","modified_gmt":"2020-12-29T22:07:18","slug":"recyklacne-technologie-a-stroje","status":"publish","type":"page","link":"https:\/\/www.kuruc.sk\/?page_id=74","title":{"rendered":"Recykla\u010dn\u00e9 technol\u00f3gie a stroje"},"content":{"rendered":"\n<p><\/p>\n\n\n\n<p><\/p>\n\n\n\n<figure class=\"wp-block-gallery alignwide columns-3 is-cropped wp-block-gallery-1 is-layout-flex wp-block-gallery-is-layout-flex\"><ul class=\"blocks-gallery-grid\"><li class=\"blocks-gallery-item\"><figure><img loading=\"lazy\" decoding=\"async\" width=\"1024\" height=\"576\" src=\"https:\/\/www.kuruc.sk\/wp-content\/uploads\/2020\/12\/DSC_0096-1024x576.jpg\" alt=\"\" data-id=\"132\" data-link=\"https:\/\/www.kuruc.sk\/?attachment_id=132\" class=\"wp-image-132\" srcset=\"https:\/\/www.kuruc.sk\/wp-content\/uploads\/2020\/12\/DSC_0096-1024x576.jpg 1024w, https:\/\/www.kuruc.sk\/wp-content\/uploads\/2020\/12\/DSC_0096-300x169.jpg 300w, https:\/\/www.kuruc.sk\/wp-content\/uploads\/2020\/12\/DSC_0096-768x432.jpg 768w, https:\/\/www.kuruc.sk\/wp-content\/uploads\/2020\/12\/DSC_0096-1536x864.jpg 1536w, https:\/\/www.kuruc.sk\/wp-content\/uploads\/2020\/12\/DSC_0096-2048x1152.jpg 2048w\" sizes=\"(max-width: 1024px) 100vw, 1024px\" \/><\/figure><\/li><li class=\"blocks-gallery-item\"><figure><img loading=\"lazy\" decoding=\"async\" width=\"1024\" height=\"576\" src=\"https:\/\/www.kuruc.sk\/wp-content\/uploads\/2020\/12\/DSC_0130-2-1024x576.jpg\" alt=\"\" data-id=\"133\" data-link=\"https:\/\/www.kuruc.sk\/?attachment_id=133\" class=\"wp-image-133\" srcset=\"https:\/\/www.kuruc.sk\/wp-content\/uploads\/2020\/12\/DSC_0130-2-1024x576.jpg 1024w, https:\/\/www.kuruc.sk\/wp-content\/uploads\/2020\/12\/DSC_0130-2-300x169.jpg 300w, https:\/\/www.kuruc.sk\/wp-content\/uploads\/2020\/12\/DSC_0130-2-768x432.jpg 768w, https:\/\/www.kuruc.sk\/wp-content\/uploads\/2020\/12\/DSC_0130-2-1536x864.jpg 1536w, https:\/\/www.kuruc.sk\/wp-content\/uploads\/2020\/12\/DSC_0130-2-2048x1151.jpg 2048w\" sizes=\"(max-width: 1024px) 100vw, 1024px\" \/><\/figure><\/li><li class=\"blocks-gallery-item\"><figure><img loading=\"lazy\" decoding=\"async\" width=\"1024\" height=\"576\" src=\"https:\/\/www.kuruc.sk\/wp-content\/uploads\/2020\/12\/DSC_0132-1-1024x576.jpg\" alt=\"\" data-id=\"134\" data-link=\"https:\/\/www.kuruc.sk\/?attachment_id=134\" class=\"wp-image-134\" srcset=\"https:\/\/www.kuruc.sk\/wp-content\/uploads\/2020\/12\/DSC_0132-1-1024x576.jpg 1024w, https:\/\/www.kuruc.sk\/wp-content\/uploads\/2020\/12\/DSC_0132-1-300x169.jpg 300w, https:\/\/www.kuruc.sk\/wp-content\/uploads\/2020\/12\/DSC_0132-1-768x432.jpg 768w, https:\/\/www.kuruc.sk\/wp-content\/uploads\/2020\/12\/DSC_0132-1-1536x864.jpg 1536w, https:\/\/www.kuruc.sk\/wp-content\/uploads\/2020\/12\/DSC_0132-1-2048x1151.jpg 2048w\" sizes=\"(max-width: 1024px) 100vw, 1024px\" \/><\/figure><\/li><li class=\"blocks-gallery-item\"><figure><img loading=\"lazy\" decoding=\"async\" width=\"1024\" height=\"576\" src=\"https:\/\/www.kuruc.sk\/wp-content\/uploads\/2020\/12\/DSC_0134-1024x576.jpg\" alt=\"\" data-id=\"135\" data-link=\"https:\/\/www.kuruc.sk\/?attachment_id=135\" class=\"wp-image-135\" srcset=\"https:\/\/www.kuruc.sk\/wp-content\/uploads\/2020\/12\/DSC_0134-1024x576.jpg 1024w, https:\/\/www.kuruc.sk\/wp-content\/uploads\/2020\/12\/DSC_0134-300x169.jpg 300w, https:\/\/www.kuruc.sk\/wp-content\/uploads\/2020\/12\/DSC_0134-768x432.jpg 768w, https:\/\/www.kuruc.sk\/wp-content\/uploads\/2020\/12\/DSC_0134-1536x864.jpg 1536w, https:\/\/www.kuruc.sk\/wp-content\/uploads\/2020\/12\/DSC_0134-2048x1151.jpg 2048w\" sizes=\"(max-width: 1024px) 100vw, 1024px\" \/><\/figure><\/li><li class=\"blocks-gallery-item\"><figure><img loading=\"lazy\" decoding=\"async\" width=\"1024\" height=\"576\" src=\"https:\/\/www.kuruc.sk\/wp-content\/uploads\/2020\/12\/DSC_0463-1024x576.jpg\" alt=\"\" data-id=\"136\" data-link=\"https:\/\/www.kuruc.sk\/?attachment_id=136\" class=\"wp-image-136\" srcset=\"https:\/\/www.kuruc.sk\/wp-content\/uploads\/2020\/12\/DSC_0463-1024x576.jpg 1024w, https:\/\/www.kuruc.sk\/wp-content\/uploads\/2020\/12\/DSC_0463-300x169.jpg 300w, https:\/\/www.kuruc.sk\/wp-content\/uploads\/2020\/12\/DSC_0463-768x432.jpg 768w, https:\/\/www.kuruc.sk\/wp-content\/uploads\/2020\/12\/DSC_0463-1536x864.jpg 1536w, https:\/\/www.kuruc.sk\/wp-content\/uploads\/2020\/12\/DSC_0463-2048x1152.jpg 2048w\" sizes=\"(max-width: 1024px) 100vw, 1024px\" \/><\/figure><\/li><li class=\"blocks-gallery-item\"><figure><img loading=\"lazy\" decoding=\"async\" width=\"1024\" height=\"576\" src=\"https:\/\/www.kuruc.sk\/wp-content\/uploads\/2020\/12\/DSC_0570-1024x576.jpg\" alt=\"\" data-id=\"137\" data-link=\"https:\/\/www.kuruc.sk\/?attachment_id=137\" class=\"wp-image-137\" srcset=\"https:\/\/www.kuruc.sk\/wp-content\/uploads\/2020\/12\/DSC_0570-1024x576.jpg 1024w, https:\/\/www.kuruc.sk\/wp-content\/uploads\/2020\/12\/DSC_0570-300x169.jpg 300w, https:\/\/www.kuruc.sk\/wp-content\/uploads\/2020\/12\/DSC_0570-768x432.jpg 768w, https:\/\/www.kuruc.sk\/wp-content\/uploads\/2020\/12\/DSC_0570-1536x864.jpg 1536w, https:\/\/www.kuruc.sk\/wp-content\/uploads\/2020\/12\/DSC_0570-2048x1152.jpg 2048w\" sizes=\"(max-width: 1024px) 100vw, 1024px\" \/><\/figure><\/li><li class=\"blocks-gallery-item\"><figure><img loading=\"lazy\" decoding=\"async\" width=\"1024\" height=\"768\" src=\"https:\/\/www.kuruc.sk\/wp-content\/uploads\/2020\/12\/20120106_184402-1024x768.jpg\" alt=\"\" data-id=\"138\" data-link=\"https:\/\/www.kuruc.sk\/?attachment_id=138\" class=\"wp-image-138\" srcset=\"https:\/\/www.kuruc.sk\/wp-content\/uploads\/2020\/12\/20120106_184402-1024x768.jpg 1024w, https:\/\/www.kuruc.sk\/wp-content\/uploads\/2020\/12\/20120106_184402-300x225.jpg 300w, https:\/\/www.kuruc.sk\/wp-content\/uploads\/2020\/12\/20120106_184402-768x576.jpg 768w, https:\/\/www.kuruc.sk\/wp-content\/uploads\/2020\/12\/20120106_184402-1536x1152.jpg 1536w, https:\/\/www.kuruc.sk\/wp-content\/uploads\/2020\/12\/20120106_184402-2048x1536.jpg 2048w\" sizes=\"(max-width: 1024px) 100vw, 1024px\" \/><\/figure><\/li><li class=\"blocks-gallery-item\"><figure><img loading=\"lazy\" decoding=\"async\" width=\"1024\" height=\"768\" src=\"https:\/\/www.kuruc.sk\/wp-content\/uploads\/2020\/12\/20120106_184416-1024x768.jpg\" alt=\"\" data-id=\"139\" data-link=\"https:\/\/www.kuruc.sk\/?attachment_id=139\" class=\"wp-image-139\" srcset=\"https:\/\/www.kuruc.sk\/wp-content\/uploads\/2020\/12\/20120106_184416-1024x768.jpg 1024w, https:\/\/www.kuruc.sk\/wp-content\/uploads\/2020\/12\/20120106_184416-300x225.jpg 300w, https:\/\/www.kuruc.sk\/wp-content\/uploads\/2020\/12\/20120106_184416-768x576.jpg 768w, https:\/\/www.kuruc.sk\/wp-content\/uploads\/2020\/12\/20120106_184416-1536x1152.jpg 1536w, https:\/\/www.kuruc.sk\/wp-content\/uploads\/2020\/12\/20120106_184416-2048x1536.jpg 2048w\" sizes=\"(max-width: 1024px) 100vw, 1024px\" \/><\/figure><\/li><li class=\"blocks-gallery-item\"><figure><img loading=\"lazy\" decoding=\"async\" width=\"1024\" height=\"768\" src=\"https:\/\/www.kuruc.sk\/wp-content\/uploads\/2020\/12\/20120107_190300-1024x768.jpg\" alt=\"\" data-id=\"140\" data-link=\"https:\/\/www.kuruc.sk\/?attachment_id=140\" class=\"wp-image-140\" srcset=\"https:\/\/www.kuruc.sk\/wp-content\/uploads\/2020\/12\/20120107_190300-1024x768.jpg 1024w, https:\/\/www.kuruc.sk\/wp-content\/uploads\/2020\/12\/20120107_190300-300x225.jpg 300w, https:\/\/www.kuruc.sk\/wp-content\/uploads\/2020\/12\/20120107_190300-768x576.jpg 768w, https:\/\/www.kuruc.sk\/wp-content\/uploads\/2020\/12\/20120107_190300-1536x1152.jpg 1536w, https:\/\/www.kuruc.sk\/wp-content\/uploads\/2020\/12\/20120107_190300-2048x1536.jpg 2048w\" sizes=\"(max-width: 1024px) 100vw, 1024px\" \/><\/figure><\/li><li class=\"blocks-gallery-item\"><figure><img loading=\"lazy\" decoding=\"async\" width=\"1024\" height=\"768\" src=\"https:\/\/www.kuruc.sk\/wp-content\/uploads\/2020\/12\/20120107_190341-1024x768.jpg\" alt=\"\" data-id=\"141\" data-link=\"https:\/\/www.kuruc.sk\/?attachment_id=141\" class=\"wp-image-141\" srcset=\"https:\/\/www.kuruc.sk\/wp-content\/uploads\/2020\/12\/20120107_190341-1024x768.jpg 1024w, https:\/\/www.kuruc.sk\/wp-content\/uploads\/2020\/12\/20120107_190341-300x225.jpg 300w, https:\/\/www.kuruc.sk\/wp-content\/uploads\/2020\/12\/20120107_190341-768x576.jpg 768w, https:\/\/www.kuruc.sk\/wp-content\/uploads\/2020\/12\/20120107_190341-1536x1152.jpg 1536w, https:\/\/www.kuruc.sk\/wp-content\/uploads\/2020\/12\/20120107_190341-2048x1536.jpg 2048w\" sizes=\"(max-width: 1024px) 100vw, 1024px\" \/><\/figure><\/li><li class=\"blocks-gallery-item\"><figure><img loading=\"lazy\" decoding=\"async\" width=\"1024\" height=\"768\" src=\"https:\/\/www.kuruc.sk\/wp-content\/uploads\/2020\/12\/04032010102-1024x768.jpg\" alt=\"\" data-id=\"142\" data-link=\"https:\/\/www.kuruc.sk\/?attachment_id=142\" class=\"wp-image-142\" srcset=\"https:\/\/www.kuruc.sk\/wp-content\/uploads\/2020\/12\/04032010102-1024x768.jpg 1024w, https:\/\/www.kuruc.sk\/wp-content\/uploads\/2020\/12\/04032010102-300x225.jpg 300w, https:\/\/www.kuruc.sk\/wp-content\/uploads\/2020\/12\/04032010102-768x576.jpg 768w, https:\/\/www.kuruc.sk\/wp-content\/uploads\/2020\/12\/04032010102-1536x1152.jpg 1536w, https:\/\/www.kuruc.sk\/wp-content\/uploads\/2020\/12\/04032010102-2048x1536.jpg 2048w\" sizes=\"(max-width: 1024px) 100vw, 1024px\" \/><\/figure><\/li><li class=\"blocks-gallery-item\"><figure><img loading=\"lazy\" decoding=\"async\" width=\"1024\" height=\"680\" src=\"https:\/\/www.kuruc.sk\/wp-content\/uploads\/2020\/12\/DSC_5388-1024x680.jpg\" alt=\"\" data-id=\"143\" data-link=\"https:\/\/www.kuruc.sk\/?attachment_id=143\" class=\"wp-image-143\" srcset=\"https:\/\/www.kuruc.sk\/wp-content\/uploads\/2020\/12\/DSC_5388-1024x680.jpg 1024w, https:\/\/www.kuruc.sk\/wp-content\/uploads\/2020\/12\/DSC_5388-300x199.jpg 300w, https:\/\/www.kuruc.sk\/wp-content\/uploads\/2020\/12\/DSC_5388-768x510.jpg 768w, https:\/\/www.kuruc.sk\/wp-content\/uploads\/2020\/12\/DSC_5388-1536x1020.jpg 1536w, https:\/\/www.kuruc.sk\/wp-content\/uploads\/2020\/12\/DSC_5388-2048x1360.jpg 2048w\" sizes=\"(max-width: 1024px) 100vw, 1024px\" \/><\/figure><\/li><li class=\"blocks-gallery-item\"><figure><img loading=\"lazy\" decoding=\"async\" width=\"1024\" height=\"680\" src=\"https:\/\/www.kuruc.sk\/wp-content\/uploads\/2020\/12\/DSC_5430-1024x680.jpg\" alt=\"\" data-id=\"150\" data-link=\"https:\/\/www.kuruc.sk\/?attachment_id=150\" class=\"wp-image-150\" srcset=\"https:\/\/www.kuruc.sk\/wp-content\/uploads\/2020\/12\/DSC_5430-1024x680.jpg 1024w, https:\/\/www.kuruc.sk\/wp-content\/uploads\/2020\/12\/DSC_5430-300x199.jpg 300w, https:\/\/www.kuruc.sk\/wp-content\/uploads\/2020\/12\/DSC_5430-768x510.jpg 768w, https:\/\/www.kuruc.sk\/wp-content\/uploads\/2020\/12\/DSC_5430-1536x1020.jpg 1536w, https:\/\/www.kuruc.sk\/wp-content\/uploads\/2020\/12\/DSC_5430-2048x1360.jpg 2048w\" sizes=\"(max-width: 1024px) 100vw, 1024px\" \/><\/figure><\/li><li class=\"blocks-gallery-item\"><figure><img loading=\"lazy\" decoding=\"async\" width=\"1024\" height=\"680\" src=\"https:\/\/www.kuruc.sk\/wp-content\/uploads\/2020\/12\/DSC_6369-1024x680.jpg\" alt=\"\" data-id=\"152\" data-link=\"https:\/\/www.kuruc.sk\/?attachment_id=152\" class=\"wp-image-152\" srcset=\"https:\/\/www.kuruc.sk\/wp-content\/uploads\/2020\/12\/DSC_6369-1024x680.jpg 1024w, https:\/\/www.kuruc.sk\/wp-content\/uploads\/2020\/12\/DSC_6369-300x199.jpg 300w, https:\/\/www.kuruc.sk\/wp-content\/uploads\/2020\/12\/DSC_6369-768x510.jpg 768w, https:\/\/www.kuruc.sk\/wp-content\/uploads\/2020\/12\/DSC_6369-1536x1020.jpg 1536w, https:\/\/www.kuruc.sk\/wp-content\/uploads\/2020\/12\/DSC_6369-2048x1360.jpg 2048w\" sizes=\"(max-width: 1024px) 100vw, 1024px\" \/><\/figure><\/li><li class=\"blocks-gallery-item\"><figure><img loading=\"lazy\" decoding=\"async\" width=\"1024\" height=\"680\" src=\"https:\/\/www.kuruc.sk\/wp-content\/uploads\/2020\/12\/DSC_6372-1024x680.jpg\" alt=\"\" data-id=\"153\" data-link=\"https:\/\/www.kuruc.sk\/?attachment_id=153\" class=\"wp-image-153\" srcset=\"https:\/\/www.kuruc.sk\/wp-content\/uploads\/2020\/12\/DSC_6372-1024x680.jpg 1024w, https:\/\/www.kuruc.sk\/wp-content\/uploads\/2020\/12\/DSC_6372-300x199.jpg 300w, https:\/\/www.kuruc.sk\/wp-content\/uploads\/2020\/12\/DSC_6372-768x510.jpg 768w, https:\/\/www.kuruc.sk\/wp-content\/uploads\/2020\/12\/DSC_6372-1536x1020.jpg 1536w, https:\/\/www.kuruc.sk\/wp-content\/uploads\/2020\/12\/DSC_6372-2048x1360.jpg 2048w\" sizes=\"(max-width: 1024px) 100vw, 1024px\" \/><\/figure><\/li><li class=\"blocks-gallery-item\"><figure><img loading=\"lazy\" decoding=\"async\" width=\"1024\" height=\"680\" src=\"https:\/\/www.kuruc.sk\/wp-content\/uploads\/2020\/12\/DSC_6376-1024x680.jpg\" alt=\"\" data-id=\"154\" data-link=\"https:\/\/www.kuruc.sk\/?attachment_id=154\" class=\"wp-image-154\" srcset=\"https:\/\/www.kuruc.sk\/wp-content\/uploads\/2020\/12\/DSC_6376-1024x680.jpg 1024w, https:\/\/www.kuruc.sk\/wp-content\/uploads\/2020\/12\/DSC_6376-300x199.jpg 300w, https:\/\/www.kuruc.sk\/wp-content\/uploads\/2020\/12\/DSC_6376-768x510.jpg 768w, https:\/\/www.kuruc.sk\/wp-content\/uploads\/2020\/12\/DSC_6376-1536x1020.jpg 1536w, https:\/\/www.kuruc.sk\/wp-content\/uploads\/2020\/12\/DSC_6376-2048x1360.jpg 2048w\" sizes=\"(max-width: 1024px) 100vw, 1024px\" \/><\/figure><\/li><li class=\"blocks-gallery-item\"><figure><img loading=\"lazy\" decoding=\"async\" width=\"1024\" height=\"576\" src=\"https:\/\/www.kuruc.sk\/wp-content\/uploads\/2020\/12\/DSC_0083-1-1024x576.jpg\" alt=\"\" data-id=\"156\" data-full-url=\"https:\/\/www.kuruc.sk\/wp-content\/uploads\/2020\/12\/DSC_0083-1-scaled.jpg\" data-link=\"https:\/\/www.kuruc.sk\/?attachment_id=156\" class=\"wp-image-156\" srcset=\"https:\/\/www.kuruc.sk\/wp-content\/uploads\/2020\/12\/DSC_0083-1-1024x576.jpg 1024w, https:\/\/www.kuruc.sk\/wp-content\/uploads\/2020\/12\/DSC_0083-1-300x169.jpg 300w, https:\/\/www.kuruc.sk\/wp-content\/uploads\/2020\/12\/DSC_0083-1-768x432.jpg 768w, https:\/\/www.kuruc.sk\/wp-content\/uploads\/2020\/12\/DSC_0083-1-1536x864.jpg 1536w, https:\/\/www.kuruc.sk\/wp-content\/uploads\/2020\/12\/DSC_0083-1-2048x1151.jpg 2048w\" sizes=\"(max-width: 1024px) 100vw, 1024px\" \/><\/figure><\/li><li class=\"blocks-gallery-item\"><figure><img loading=\"lazy\" decoding=\"async\" width=\"1024\" height=\"576\" src=\"https:\/\/www.kuruc.sk\/wp-content\/uploads\/2020\/12\/DSC_0130-3-1024x576.jpg\" alt=\"\" data-id=\"157\" data-full-url=\"https:\/\/www.kuruc.sk\/wp-content\/uploads\/2020\/12\/DSC_0130-3-scaled.jpg\" data-link=\"https:\/\/www.kuruc.sk\/?attachment_id=157\" class=\"wp-image-157\" srcset=\"https:\/\/www.kuruc.sk\/wp-content\/uploads\/2020\/12\/DSC_0130-3-1024x576.jpg 1024w, https:\/\/www.kuruc.sk\/wp-content\/uploads\/2020\/12\/DSC_0130-3-300x169.jpg 300w, https:\/\/www.kuruc.sk\/wp-content\/uploads\/2020\/12\/DSC_0130-3-768x432.jpg 768w, https:\/\/www.kuruc.sk\/wp-content\/uploads\/2020\/12\/DSC_0130-3-1536x864.jpg 1536w, https:\/\/www.kuruc.sk\/wp-content\/uploads\/2020\/12\/DSC_0130-3-2048x1151.jpg 2048w\" sizes=\"(max-width: 1024px) 100vw, 1024px\" \/><\/figure><\/li><li class=\"blocks-gallery-item\"><figure><img loading=\"lazy\" decoding=\"async\" width=\"1024\" height=\"576\" src=\"https:\/\/www.kuruc.sk\/wp-content\/uploads\/2020\/12\/DSC_0511-1-1024x576.jpg\" alt=\"\" data-id=\"159\" data-full-url=\"https:\/\/www.kuruc.sk\/wp-content\/uploads\/2020\/12\/DSC_0511-1-scaled.jpg\" data-link=\"https:\/\/www.kuruc.sk\/?attachment_id=159\" class=\"wp-image-159\" srcset=\"https:\/\/www.kuruc.sk\/wp-content\/uploads\/2020\/12\/DSC_0511-1-1024x576.jpg 1024w, https:\/\/www.kuruc.sk\/wp-content\/uploads\/2020\/12\/DSC_0511-1-300x169.jpg 300w, https:\/\/www.kuruc.sk\/wp-content\/uploads\/2020\/12\/DSC_0511-1-768x432.jpg 768w, https:\/\/www.kuruc.sk\/wp-content\/uploads\/2020\/12\/DSC_0511-1-1536x864.jpg 1536w, https:\/\/www.kuruc.sk\/wp-content\/uploads\/2020\/12\/DSC_0511-1-2048x1152.jpg 2048w\" sizes=\"(max-width: 1024px) 100vw, 1024px\" \/><\/figure><\/li><li class=\"blocks-gallery-item\"><figure><img loading=\"lazy\" decoding=\"async\" width=\"576\" height=\"1024\" src=\"https:\/\/www.kuruc.sk\/wp-content\/uploads\/2020\/12\/DSC_0512-576x1024.jpg\" alt=\"\" data-id=\"160\" data-full-url=\"https:\/\/www.kuruc.sk\/wp-content\/uploads\/2020\/12\/DSC_0512-scaled.jpg\" data-link=\"https:\/\/www.kuruc.sk\/?attachment_id=160\" class=\"wp-image-160\" srcset=\"https:\/\/www.kuruc.sk\/wp-content\/uploads\/2020\/12\/DSC_0512-576x1024.jpg 576w, https:\/\/www.kuruc.sk\/wp-content\/uploads\/2020\/12\/DSC_0512-169x300.jpg 169w, https:\/\/www.kuruc.sk\/wp-content\/uploads\/2020\/12\/DSC_0512-768x1365.jpg 768w, https:\/\/www.kuruc.sk\/wp-content\/uploads\/2020\/12\/DSC_0512-864x1536.jpg 864w, https:\/\/www.kuruc.sk\/wp-content\/uploads\/2020\/12\/DSC_0512-1152x2048.jpg 1152w, https:\/\/www.kuruc.sk\/wp-content\/uploads\/2020\/12\/DSC_0512-scaled.jpg 1440w\" sizes=\"(max-width: 576px) 100vw, 576px\" \/><\/figure><\/li><li class=\"blocks-gallery-item\"><figure><img loading=\"lazy\" decoding=\"async\" width=\"1024\" height=\"576\" src=\"https:\/\/www.kuruc.sk\/wp-content\/uploads\/2020\/12\/DSC_0570-1-1024x576.jpg\" alt=\"\" data-id=\"161\" data-full-url=\"https:\/\/www.kuruc.sk\/wp-content\/uploads\/2020\/12\/DSC_0570-1-scaled.jpg\" data-link=\"https:\/\/www.kuruc.sk\/?attachment_id=161\" class=\"wp-image-161\" srcset=\"https:\/\/www.kuruc.sk\/wp-content\/uploads\/2020\/12\/DSC_0570-1-1024x576.jpg 1024w, https:\/\/www.kuruc.sk\/wp-content\/uploads\/2020\/12\/DSC_0570-1-300x169.jpg 300w, https:\/\/www.kuruc.sk\/wp-content\/uploads\/2020\/12\/DSC_0570-1-768x432.jpg 768w, https:\/\/www.kuruc.sk\/wp-content\/uploads\/2020\/12\/DSC_0570-1-1536x864.jpg 1536w, https:\/\/www.kuruc.sk\/wp-content\/uploads\/2020\/12\/DSC_0570-1-2048x1152.jpg 2048w\" sizes=\"(max-width: 1024px) 100vw, 1024px\" \/><\/figure><\/li><li class=\"blocks-gallery-item\"><figure><img loading=\"lazy\" decoding=\"async\" width=\"1024\" height=\"576\" src=\"https:\/\/www.kuruc.sk\/wp-content\/uploads\/2020\/12\/DSC_0637-1024x576.jpg\" alt=\"\" data-id=\"162\" data-full-url=\"https:\/\/www.kuruc.sk\/wp-content\/uploads\/2020\/12\/DSC_0637-scaled.jpg\" data-link=\"https:\/\/www.kuruc.sk\/?attachment_id=162\" class=\"wp-image-162\" srcset=\"https:\/\/www.kuruc.sk\/wp-content\/uploads\/2020\/12\/DSC_0637-1024x576.jpg 1024w, https:\/\/www.kuruc.sk\/wp-content\/uploads\/2020\/12\/DSC_0637-300x169.jpg 300w, https:\/\/www.kuruc.sk\/wp-content\/uploads\/2020\/12\/DSC_0637-768x432.jpg 768w, https:\/\/www.kuruc.sk\/wp-content\/uploads\/2020\/12\/DSC_0637-1536x864.jpg 1536w, https:\/\/www.kuruc.sk\/wp-content\/uploads\/2020\/12\/DSC_0637-2048x1152.jpg 2048w\" sizes=\"(max-width: 1024px) 100vw, 1024px\" \/><\/figure><\/li><\/ul><\/figure>\n\n\n\n<p><\/p>\n","protected":false},"excerpt":{"rendered":"","protected":false},"author":1,"featured_media":0,"parent":0,"menu_order":0,"comment_status":"closed","ping_status":"closed","template":"","meta":{"_monsterinsights_skip_tracking":false,"_monsterinsights_sitenote_active":false,"_monsterinsights_sitenote_note":"","_monsterinsights_sitenote_category":0,"footnotes":""},"yoast_head":"<!-- This site is optimized with the Yoast SEO plugin v22.9 - https:\/\/yoast.com\/wordpress\/plugins\/seo\/ -->\n<title>Recykla\u010dn\u00e9 technol\u00f3gie a stroje - www.kuruc.sk<\/title>\n<meta name=\"description\" content=\"www.kuruc.sk\" \/>\n<meta name=\"robots\" content=\"index, follow, max-snippet:-1, max-image-preview:large, max-video-preview:-1\" \/>\n<link rel=\"canonical\" href=\"https:\/\/www.kuruc.sk\/?page_id=74\" \/>\n<meta property=\"og:locale\" content=\"sk_SK\" \/>\n<meta property=\"og:type\" content=\"article\" \/>\n<meta property=\"og:title\" content=\"www.kuruc.sk\" \/>\n<meta property=\"og:description\" content=\"www.kuruc.sk\" \/>\n<meta property=\"og:url\" content=\"https:\/\/www.kuruc.sk\/?page_id=74\" \/>\n<meta property=\"og:site_name\" content=\"www.kuruc.sk\" \/>\n<meta property=\"article:modified_time\" content=\"2020-12-29T22:07:18+00:00\" \/>\n<meta property=\"og:image\" content=\"https:\/\/www.kuruc.sk\/wp-content\/uploads\/2020\/12\/DSC_0130-3-scaled.jpg\" \/>\n\t<meta property=\"og:image:width\" content=\"2560\" \/>\n\t<meta property=\"og:image:height\" content=\"1439\" \/>\n\t<meta property=\"og:image:type\" content=\"image\/jpeg\" \/>\n<meta name=\"twitter:card\" content=\"summary_large_image\" \/>\n<script type=\"application\/ld+json\" class=\"yoast-schema-graph\">{\"@context\":\"https:\/\/schema.org\",\"@graph\":[{\"@type\":\"WebPage\",\"@id\":\"https:\/\/www.kuruc.sk\/?page_id=74\",\"url\":\"https:\/\/www.kuruc.sk\/?page_id=74\",\"name\":\"Recykla\u010dn\u00e9 technol\u00f3gie a stroje - www.kuruc.sk\",\"isPartOf\":{\"@id\":\"https:\/\/www.kuruc.sk\/#website\"},\"primaryImageOfPage\":{\"@id\":\"https:\/\/www.kuruc.sk\/?page_id=74#primaryimage\"},\"image\":{\"@id\":\"https:\/\/www.kuruc.sk\/?page_id=74#primaryimage\"},\"thumbnailUrl\":\"https:\/\/www.kuruc.sk\/wp-content\/uploads\/2020\/12\/DSC_0096-1024x576.jpg\",\"datePublished\":\"2020-12-29T19:00:04+00:00\",\"dateModified\":\"2020-12-29T22:07:18+00:00\",\"description\":\"www.kuruc.sk\",\"breadcrumb\":{\"@id\":\"https:\/\/www.kuruc.sk\/?page_id=74#breadcrumb\"},\"inLanguage\":\"sk-SK\",\"potentialAction\":[{\"@type\":\"ReadAction\",\"target\":[\"https:\/\/www.kuruc.sk\/?page_id=74\"]}]},{\"@type\":\"ImageObject\",\"inLanguage\":\"sk-SK\",\"@id\":\"https:\/\/www.kuruc.sk\/?page_id=74#primaryimage\",\"url\":\"https:\/\/www.kuruc.sk\/wp-content\/uploads\/2020\/12\/DSC_0096-scaled.jpg\",\"contentUrl\":\"https:\/\/www.kuruc.sk\/wp-content\/uploads\/2020\/12\/DSC_0096-scaled.jpg\",\"width\":2560,\"height\":1440},{\"@type\":\"BreadcrumbList\",\"@id\":\"https:\/\/www.kuruc.sk\/?page_id=74#breadcrumb\",\"itemListElement\":[{\"@type\":\"ListItem\",\"position\":1,\"name\":\"Home\",\"item\":\"https:\/\/www.kuruc.sk\/\"},{\"@type\":\"ListItem\",\"position\":2,\"name\":\"Recykla\u010dn\u00e9 technol\u00f3gie a stroje\"}]},{\"@type\":\"WebSite\",\"@id\":\"https:\/\/www.kuruc.sk\/#website\",\"url\":\"https:\/\/www.kuruc.sk\/\",\"name\":\"www.kuruc.sk\",\"description\":\"Recycling technology for real life\",\"publisher\":{\"@id\":\"https:\/\/www.kuruc.sk\/#organization\"},\"potentialAction\":[{\"@type\":\"SearchAction\",\"target\":{\"@type\":\"EntryPoint\",\"urlTemplate\":\"https:\/\/www.kuruc.sk\/?s={search_term_string}\"},\"query-input\":\"required name=search_term_string\"}],\"inLanguage\":\"sk-SK\"},{\"@type\":\"Organization\",\"@id\":\"https:\/\/www.kuruc.sk\/#organization\",\"name\":\"Kuruc Company spol. s r.o\",\"url\":\"https:\/\/www.kuruc.sk\/\",\"logo\":{\"@type\":\"ImageObject\",\"inLanguage\":\"sk-SK\",\"@id\":\"https:\/\/www.kuruc.sk\/#\/schema\/logo\/image\/\",\"url\":\"https:\/\/www.kuruc.sk\/wp-content\/uploads\/2021\/01\/slide0013_image038.jpg\",\"contentUrl\":\"https:\/\/www.kuruc.sk\/wp-content\/uploads\/2021\/01\/slide0013_image038.jpg\",\"width\":138,\"height\":65,\"caption\":\"Kuruc Company spol. s r.o\"},\"image\":{\"@id\":\"https:\/\/www.kuruc.sk\/#\/schema\/logo\/image\/\"}}]}<\/script>\n<!-- \/ Yoast SEO plugin. -->","yoast_head_json":{"title":"Recykla\u010dn\u00e9 technol\u00f3gie a stroje - www.kuruc.sk","description":"www.kuruc.sk","robots":{"index":"index","follow":"follow","max-snippet":"max-snippet:-1","max-image-preview":"max-image-preview:large","max-video-preview":"max-video-preview:-1"},"canonical":"https:\/\/www.kuruc.sk\/?page_id=74","og_locale":"sk_SK","og_type":"article","og_title":"www.kuruc.sk","og_description":"www.kuruc.sk","og_url":"https:\/\/www.kuruc.sk\/?page_id=74","og_site_name":"www.kuruc.sk","article_modified_time":"2020-12-29T22:07:18+00:00","og_image":[{"width":2560,"height":1439,"url":"https:\/\/www.kuruc.sk\/wp-content\/uploads\/2020\/12\/DSC_0130-3-scaled.jpg","type":"image\/jpeg"}],"twitter_card":"summary_large_image","schema":{"@context":"https:\/\/schema.org","@graph":[{"@type":"WebPage","@id":"https:\/\/www.kuruc.sk\/?page_id=74","url":"https:\/\/www.kuruc.sk\/?page_id=74","name":"Recykla\u010dn\u00e9 technol\u00f3gie a stroje - www.kuruc.sk","isPartOf":{"@id":"https:\/\/www.kuruc.sk\/#website"},"primaryImageOfPage":{"@id":"https:\/\/www.kuruc.sk\/?page_id=74#primaryimage"},"image":{"@id":"https:\/\/www.kuruc.sk\/?page_id=74#primaryimage"},"thumbnailUrl":"https:\/\/www.kuruc.sk\/wp-content\/uploads\/2020\/12\/DSC_0096-1024x576.jpg","datePublished":"2020-12-29T19:00:04+00:00","dateModified":"2020-12-29T22:07:18+00:00","description":"www.kuruc.sk","breadcrumb":{"@id":"https:\/\/www.kuruc.sk\/?page_id=74#breadcrumb"},"inLanguage":"sk-SK","potentialAction":[{"@type":"ReadAction","target":["https:\/\/www.kuruc.sk\/?page_id=74"]}]},{"@type":"ImageObject","inLanguage":"sk-SK","@id":"https:\/\/www.kuruc.sk\/?page_id=74#primaryimage","url":"https:\/\/www.kuruc.sk\/wp-content\/uploads\/2020\/12\/DSC_0096-scaled.jpg","contentUrl":"https:\/\/www.kuruc.sk\/wp-content\/uploads\/2020\/12\/DSC_0096-scaled.jpg","width":2560,"height":1440},{"@type":"BreadcrumbList","@id":"https:\/\/www.kuruc.sk\/?page_id=74#breadcrumb","itemListElement":[{"@type":"ListItem","position":1,"name":"Home","item":"https:\/\/www.kuruc.sk\/"},{"@type":"ListItem","position":2,"name":"Recykla\u010dn\u00e9 technol\u00f3gie a stroje"}]},{"@type":"WebSite","@id":"https:\/\/www.kuruc.sk\/#website","url":"https:\/\/www.kuruc.sk\/","name":"www.kuruc.sk","description":"Recycling technology for real life","publisher":{"@id":"https:\/\/www.kuruc.sk\/#organization"},"potentialAction":[{"@type":"SearchAction","target":{"@type":"EntryPoint","urlTemplate":"https:\/\/www.kuruc.sk\/?s={search_term_string}"},"query-input":"required name=search_term_string"}],"inLanguage":"sk-SK"},{"@type":"Organization","@id":"https:\/\/www.kuruc.sk\/#organization","name":"Kuruc Company spol. s r.o","url":"https:\/\/www.kuruc.sk\/","logo":{"@type":"ImageObject","inLanguage":"sk-SK","@id":"https:\/\/www.kuruc.sk\/#\/schema\/logo\/image\/","url":"https:\/\/www.kuruc.sk\/wp-content\/uploads\/2021\/01\/slide0013_image038.jpg","contentUrl":"https:\/\/www.kuruc.sk\/wp-content\/uploads\/2021\/01\/slide0013_image038.jpg","width":138,"height":65,"caption":"Kuruc Company spol. s r.o"},"image":{"@id":"https:\/\/www.kuruc.sk\/#\/schema\/logo\/image\/"}}]}},"_links":{"self":[{"href":"https:\/\/www.kuruc.sk\/index.php?rest_route=\/wp\/v2\/pages\/74"}],"collection":[{"href":"https:\/\/www.kuruc.sk\/index.php?rest_route=\/wp\/v2\/pages"}],"about":[{"href":"https:\/\/www.kuruc.sk\/index.php?rest_route=\/wp\/v2\/types\/page"}],"author":[{"embeddable":true,"href":"https:\/\/www.kuruc.sk\/index.php?rest_route=\/wp\/v2\/users\/1"}],"replies":[{"embeddable":true,"href":"https:\/\/www.kuruc.sk\/index.php?rest_route=%2Fwp%2Fv2%2Fcomments&post=74"}],"version-history":[{"count":6,"href":"https:\/\/www.kuruc.sk\/index.php?rest_route=\/wp\/v2\/pages\/74\/revisions"}],"predecessor-version":[{"id":228,"href":"https:\/\/www.kuruc.sk\/index.php?rest_route=\/wp\/v2\/pages\/74\/revisions\/228"}],"wp:attachment":[{"href":"https:\/\/www.kuruc.sk\/index.php?rest_route=%2Fwp%2Fv2%2Fmedia&parent=74"}],"curies":[{"name":"wp","href":"https:\/\/api.w.org\/{rel}","templated":true}]}}