{"id":445,"date":"2023-03-29T21:11:47","date_gmt":"2023-03-29T19:11:47","guid":{"rendered":"https:\/\/www.kuruc.sk\/?page_id=445"},"modified":"2025-12-22T20:45:09","modified_gmt":"2025-12-22T19:45:09","slug":"3d-laser-cutting-6-kw-6000-x-2000-mm","status":"publish","type":"page","link":"https:\/\/www.kuruc.sk\/","title":{"rendered":"Rezanie Laserom a ohybanie"},"content":{"rendered":"\n<p><\/p>\n\n\n\n<p><\/p>\n\n\n\n<p><\/p>\n\n\n\n<p>Disponujeme najmodernej\u0161ou technol\u00f3giou delenia materi\u00e1lov Laserov\u00fdm l\u00fa\u010dom  s &nbsp;patentovan\u00fdm sp\u00f4sobom rezu (rota\u010dn\u00fd l\u00fa\u010d) s&nbsp;v\u00fdnimo\u010dnou kvalitou rezu.<\/p>\n\n\n\n<ul class=\"has-black-color has-white-background-color has-text-color has-background\">\n<li>rozmer rezania 2000x6000mm,<\/li>\n\n\n\n<li>hr\u00fabka rezu do 30mm,<\/li>\n\n\n\n<li>rez. materi\u00e1ly \u2013 CU, AL, .ocele r\u00f4zneho druhu.<\/li>\n\n\n\n<li>3D profil rezanie v&nbsp;d\u013a\u017eke max. 6000mm, priemer 230 mm, in\u00e9m profily max 230 mm<\/li>\n\n\n\n<li>Presnos\u0165 rezu 0,03 mm<\/li>\n\n\n\n<li>Fiber laser&nbsp; v\u00fdkon 6 kW<\/li>\n\n\n\n<li>\u00daprava v\u00fdkresov a&nbsp;kreslenie SolidWorks<\/li>\n\n\n\n<li>Trumpf 5130 ohra\u0148ovac\u00ed lis sila 130 t d\u013a\u017eka 3000 mm <\/li>\n<\/ul>\n\n\n\n<figure class=\"wp-block-gallery has-nested-images columns-default is-cropped wp-block-gallery-1 is-layout-flex wp-block-gallery-is-layout-flex\">\n<figure class=\"wp-block-image size-full\"><img loading=\"lazy\" decoding=\"async\" width=\"512\" height=\"384\" data-id=\"520\" src=\"https:\/\/www.kuruc.sk\/wp-content\/uploads\/2025\/12\/10000016841.jpg\" alt=\"\" class=\"wp-image-520\" srcset=\"https:\/\/www.kuruc.sk\/wp-content\/uploads\/2025\/12\/10000016841.jpg 512w, https:\/\/www.kuruc.sk\/wp-content\/uploads\/2025\/12\/10000016841-300x225.jpg 300w, https:\/\/www.kuruc.sk\/wp-content\/uploads\/2025\/12\/10000016841-150x113.jpg 150w\" sizes=\"(max-width: 512px) 100vw, 512px\" \/><\/figure>\n\n\n\n<figure class=\"wp-block-image size-full\"><img loading=\"lazy\" decoding=\"async\" width=\"384\" height=\"478\" data-id=\"524\" src=\"https:\/\/www.kuruc.sk\/wp-content\/uploads\/2025\/12\/10000013841-edited.jpg\" alt=\"\" class=\"wp-image-524\" srcset=\"https:\/\/www.kuruc.sk\/wp-content\/uploads\/2025\/12\/10000013841-edited.jpg 384w, https:\/\/www.kuruc.sk\/wp-content\/uploads\/2025\/12\/10000013841-edited-241x300.jpg 241w, https:\/\/www.kuruc.sk\/wp-content\/uploads\/2025\/12\/10000013841-edited-121x150.jpg 121w\" sizes=\"(max-width: 384px) 100vw, 384px\" \/><\/figure>\n<\/figure>\n\n\n\n<figure class=\"wp-block-image size-large\"><img loading=\"lazy\" decoding=\"async\" width=\"768\" height=\"1024\" src=\"https:\/\/www.kuruc.sk\/wp-content\/uploads\/2025\/12\/IMG_20240222_1519351-768x1024.jpg\" alt=\"\" class=\"wp-image-526\" srcset=\"https:\/\/www.kuruc.sk\/wp-content\/uploads\/2025\/12\/IMG_20240222_1519351-768x1024.jpg 768w, https:\/\/www.kuruc.sk\/wp-content\/uploads\/2025\/12\/IMG_20240222_1519351-225x300.jpg 225w, https:\/\/www.kuruc.sk\/wp-content\/uploads\/2025\/12\/IMG_20240222_1519351-113x150.jpg 113w, https:\/\/www.kuruc.sk\/wp-content\/uploads\/2025\/12\/IMG_20240222_1519351-1152x1536.jpg 1152w, https:\/\/www.kuruc.sk\/wp-content\/uploads\/2025\/12\/IMG_20240222_1519351-1536x2048.jpg 1536w, https:\/\/www.kuruc.sk\/wp-content\/uploads\/2025\/12\/IMG_20240222_1519351.jpg 1920w\" sizes=\"(max-width: 768px) 100vw, 768px\" \/><\/figure>\n\n\n\n<figure class=\"wp-block-gallery has-nested-images columns-default is-cropped wp-block-gallery-2 is-layout-flex wp-block-gallery-is-layout-flex\">\n<figure class=\"wp-block-image size-large is-style-default\"><img loading=\"lazy\" decoding=\"async\" width=\"768\" height=\"1024\" data-id=\"529\" src=\"https:\/\/www.kuruc.sk\/wp-content\/uploads\/2025\/12\/IMG_20251220_1506241-768x1024.jpg\" alt=\"\" class=\"wp-image-529\" srcset=\"https:\/\/www.kuruc.sk\/wp-content\/uploads\/2025\/12\/IMG_20251220_1506241-768x1024.jpg 768w, https:\/\/www.kuruc.sk\/wp-content\/uploads\/2025\/12\/IMG_20251220_1506241-225x300.jpg 225w, https:\/\/www.kuruc.sk\/wp-content\/uploads\/2025\/12\/IMG_20251220_1506241-113x150.jpg 113w, https:\/\/www.kuruc.sk\/wp-content\/uploads\/2025\/12\/IMG_20251220_1506241-1152x1536.jpg 1152w, https:\/\/www.kuruc.sk\/wp-content\/uploads\/2025\/12\/IMG_20251220_1506241-1536x2048.jpg 1536w, https:\/\/www.kuruc.sk\/wp-content\/uploads\/2025\/12\/IMG_20251220_1506241.jpg 1920w\" sizes=\"(max-width: 768px) 100vw, 768px\" \/><\/figure>\n\n\n\n<figure class=\"wp-block-image size-large\"><img loading=\"lazy\" decoding=\"async\" width=\"768\" height=\"1024\" data-id=\"530\" src=\"https:\/\/www.kuruc.sk\/wp-content\/uploads\/2025\/12\/IMG_20251220_1426541-768x1024.jpg\" alt=\"\" class=\"wp-image-530\" srcset=\"https:\/\/www.kuruc.sk\/wp-content\/uploads\/2025\/12\/IMG_20251220_1426541-768x1024.jpg 768w, https:\/\/www.kuruc.sk\/wp-content\/uploads\/2025\/12\/IMG_20251220_1426541-225x300.jpg 225w, https:\/\/www.kuruc.sk\/wp-content\/uploads\/2025\/12\/IMG_20251220_1426541-113x150.jpg 113w, https:\/\/www.kuruc.sk\/wp-content\/uploads\/2025\/12\/IMG_20251220_1426541-1152x1536.jpg 1152w, https:\/\/www.kuruc.sk\/wp-content\/uploads\/2025\/12\/IMG_20251220_1426541-1536x2048.jpg 1536w, https:\/\/www.kuruc.sk\/wp-content\/uploads\/2025\/12\/IMG_20251220_1426541.jpg 1920w\" sizes=\"(max-width: 768px) 100vw, 768px\" \/><\/figure>\n\n\n\n<figure class=\"wp-block-image size-large\"><img loading=\"lazy\" decoding=\"async\" width=\"1024\" height=\"768\" data-id=\"531\" src=\"https:\/\/www.kuruc.sk\/wp-content\/uploads\/2025\/12\/IMG_20240703_1001551-1024x768.jpg\" alt=\"\" class=\"wp-image-531\" srcset=\"https:\/\/www.kuruc.sk\/wp-content\/uploads\/2025\/12\/IMG_20240703_1001551-1024x768.jpg 1024w, https:\/\/www.kuruc.sk\/wp-content\/uploads\/2025\/12\/IMG_20240703_1001551-300x225.jpg 300w, https:\/\/www.kuruc.sk\/wp-content\/uploads\/2025\/12\/IMG_20240703_1001551-150x113.jpg 150w, https:\/\/www.kuruc.sk\/wp-content\/uploads\/2025\/12\/IMG_20240703_1001551-768x576.jpg 768w, https:\/\/www.kuruc.sk\/wp-content\/uploads\/2025\/12\/IMG_20240703_1001551-1536x1152.jpg 1536w, https:\/\/www.kuruc.sk\/wp-content\/uploads\/2025\/12\/IMG_20240703_1001551-2048x1536.jpg 2048w\" sizes=\"(max-width: 1024px) 100vw, 1024px\" \/><\/figure>\n\n\n\n<figure class=\"wp-block-image size-large\"><img loading=\"lazy\" decoding=\"async\" width=\"1920\" height=\"1200\" data-id=\"537\" src=\"https:\/\/www.kuruc.sk\/wp-content\/uploads\/2025\/12\/IMG_20230419_0759221-edited-1.jpg\" alt=\"\" class=\"wp-image-537\" srcset=\"https:\/\/www.kuruc.sk\/wp-content\/uploads\/2025\/12\/IMG_20230419_0759221-edited-1.jpg 1920w, https:\/\/www.kuruc.sk\/wp-content\/uploads\/2025\/12\/IMG_20230419_0759221-edited-1-300x188.jpg 300w, https:\/\/www.kuruc.sk\/wp-content\/uploads\/2025\/12\/IMG_20230419_0759221-edited-1-1024x640.jpg 1024w, https:\/\/www.kuruc.sk\/wp-content\/uploads\/2025\/12\/IMG_20230419_0759221-edited-1-150x94.jpg 150w, https:\/\/www.kuruc.sk\/wp-content\/uploads\/2025\/12\/IMG_20230419_0759221-edited-1-768x480.jpg 768w, https:\/\/www.kuruc.sk\/wp-content\/uploads\/2025\/12\/IMG_20230419_0759221-edited-1-1536x960.jpg 1536w\" sizes=\"(max-width: 1920px) 100vw, 1920px\" \/><\/figure>\n<\/figure>\n","protected":false},"excerpt":{"rendered":"<p>Disponujeme najmodernej\u0161ou technol\u00f3giou delenia materi\u00e1lov Laserov\u00fdm l\u00fa\u010dom s &nbsp;patentovan\u00fdm sp\u00f4sobom rezu (rota\u010dn\u00fd l\u00fa\u010d) s&nbsp;v\u00fdnimo\u010dnou kvalitou rezu.<\/p>\n","protected":false},"author":1,"featured_media":0,"parent":0,"menu_order":0,"comment_status":"closed","ping_status":"closed","template":"","meta":{"_monsterinsights_skip_tracking":false,"_monsterinsights_sitenote_active":false,"_monsterinsights_sitenote_note":"","_monsterinsights_sitenote_category":0,"footnotes":""},"yoast_head":"<!-- This site is optimized with the Yoast SEO plugin v22.9 - https:\/\/yoast.com\/wordpress\/plugins\/seo\/ -->\n<title>Rezanie Laserom a ohybanie - www.kuruc.sk<\/title>\n<meta name=\"robots\" content=\"index, follow, max-snippet:-1, max-image-preview:large, max-video-preview:-1\" \/>\n<link rel=\"canonical\" href=\"https:\/\/www.kuruc.sk\/\" \/>\n<meta property=\"og:locale\" content=\"sk_SK\" \/>\n<meta property=\"og:type\" content=\"article\" \/>\n<meta property=\"og:title\" content=\"3DFiber Laser 6 kW rozmer 6000 x 2000mm\" \/>\n<meta property=\"og:description\" content=\"Disponujeme najmodernej\u0161ou technol\u00f3giou laseru od v\u00fdznamn\u00e9ho \u010d\u00ednskeho v\u00fdrobcu BODOR s patentovan\u00fdm sp\u00f4sobom rezu (rota\u010dn\u00fd l\u00fa\u010d) s v\u00fdnimo\u010dnou kvalitou rezu. - rozmer rezania 2000x6000mm,- hr\u00fabka rezu do 30mm,- rez. materi\u00e1ly \u2013 CU, AL, .ocele r\u00f4zneho druhu.- 3D profil rezanie v d\u013a\u017eke max. 6000mm, priemer 230 mm, in\u00e9m profily max 230 mm- Presnos\u0165 rezu 0,03 mm- Fiber laser v\u00fdkon 6 kW- \u00daprava v\u00fdkresov a kreslenie SolidWorks\" \/>\n<meta property=\"og:url\" content=\"https:\/\/www.kuruc.sk\/\" \/>\n<meta property=\"og:site_name\" content=\"www.kuruc.sk\" \/>\n<meta property=\"article:modified_time\" content=\"2025-12-22T19:45:09+00:00\" \/>\n<meta property=\"og:image\" content=\"https:\/\/www.kuruc.sk\/wp-content\/uploads\/2023\/03\/18010689_782727091892241_7901973432408026540_n.jpg\" \/>\n\t<meta property=\"og:image:width\" content=\"800\" \/>\n\t<meta property=\"og:image:height\" content=\"533\" \/>\n\t<meta property=\"og:image:type\" content=\"image\/jpeg\" \/>\n<meta name=\"twitter:card\" content=\"summary_large_image\" \/>\n<meta name=\"twitter:title\" content=\"3D fiber Laser vykon 6 kW rozmer rezania 6000 x 2000 mm\" \/>\n<meta name=\"twitter:description\" content=\"Disponujeme najmodernej\u0161ou technol\u00f3giou laseru od v\u00fdznamn\u00e9ho \u010d\u00ednskeho v\u00fdrobcu BODOR s patentovan\u00fdm sp\u00f4sobom rezu (rota\u010dn\u00fd l\u00fa\u010d) s v\u00fdnimo\u010dnou kvalitou rezu. - rozmer rezania 2000x6000mm,- hr\u00fabka rezu do 30mm,- rez. materi\u00e1ly \u2013 CU, AL, .ocele r\u00f4zneho druhu.- 3D profil rezanie v d\u013a\u017eke max. 6000mm, priemer 230 mm, in\u00e9m profily max 230 mm- Presnos\u0165 rezu 0,03 mm- Fiber laser v\u00fdkon 6 kW- \u00daprava v\u00fdkresov a kreslenie SolidWorks\" \/>\n<meta name=\"twitter:image\" content=\"https:\/\/www.kuruc.sk\/wp-content\/uploads\/2023\/03\/18010689_782727091892241_7901973432408026540_n.jpg\" \/>\n<meta name=\"twitter:label1\" content=\"Predpokladan\u00fd \u010das \u010d\u00edtania\" \/>\n\t<meta name=\"twitter:data1\" content=\"2 min\u00faty\" \/>\n<script type=\"application\/ld+json\" class=\"yoast-schema-graph\">{\"@context\":\"https:\/\/schema.org\",\"@graph\":[{\"@type\":\"WebPage\",\"@id\":\"https:\/\/www.kuruc.sk\/\",\"url\":\"https:\/\/www.kuruc.sk\/\",\"name\":\"Rezanie Laserom a ohybanie - www.kuruc.sk\",\"isPartOf\":{\"@id\":\"https:\/\/www.kuruc.sk\/#website\"},\"primaryImageOfPage\":{\"@id\":\"https:\/\/www.kuruc.sk\/#primaryimage\"},\"image\":{\"@id\":\"https:\/\/www.kuruc.sk\/#primaryimage\"},\"thumbnailUrl\":\"https:\/\/www.kuruc.sk\/wp-content\/uploads\/2025\/12\/10000016841.jpg\",\"datePublished\":\"2023-03-29T19:11:47+00:00\",\"dateModified\":\"2025-12-22T19:45:09+00:00\",\"breadcrumb\":{\"@id\":\"https:\/\/www.kuruc.sk\/#breadcrumb\"},\"inLanguage\":\"sk-SK\",\"potentialAction\":[{\"@type\":\"ReadAction\",\"target\":[\"https:\/\/www.kuruc.sk\/\"]}]},{\"@type\":\"ImageObject\",\"inLanguage\":\"sk-SK\",\"@id\":\"https:\/\/www.kuruc.sk\/#primaryimage\",\"url\":\"https:\/\/www.kuruc.sk\/wp-content\/uploads\/2025\/12\/10000016841.jpg\",\"contentUrl\":\"https:\/\/www.kuruc.sk\/wp-content\/uploads\/2025\/12\/10000016841.jpg\",\"width\":512,\"height\":384},{\"@type\":\"BreadcrumbList\",\"@id\":\"https:\/\/www.kuruc.sk\/#breadcrumb\",\"itemListElement\":[{\"@type\":\"ListItem\",\"position\":1,\"name\":\"Home\",\"item\":\"https:\/\/www.kuruc.sk\/\"},{\"@type\":\"ListItem\",\"position\":2,\"name\":\"Rezanie Laserom a ohybanie\"}]},{\"@type\":\"WebSite\",\"@id\":\"https:\/\/www.kuruc.sk\/#website\",\"url\":\"https:\/\/www.kuruc.sk\/\",\"name\":\"www.kuruc.sk\",\"description\":\"Recycling technology for real life\",\"publisher\":{\"@id\":\"https:\/\/www.kuruc.sk\/#organization\"},\"potentialAction\":[{\"@type\":\"SearchAction\",\"target\":{\"@type\":\"EntryPoint\",\"urlTemplate\":\"https:\/\/www.kuruc.sk\/?s={search_term_string}\"},\"query-input\":\"required name=search_term_string\"}],\"inLanguage\":\"sk-SK\"},{\"@type\":\"Organization\",\"@id\":\"https:\/\/www.kuruc.sk\/#organization\",\"name\":\"Kuruc Company spol. s r.o\",\"url\":\"https:\/\/www.kuruc.sk\/\",\"logo\":{\"@type\":\"ImageObject\",\"inLanguage\":\"sk-SK\",\"@id\":\"https:\/\/www.kuruc.sk\/#\/schema\/logo\/image\/\",\"url\":\"https:\/\/www.kuruc.sk\/wp-content\/uploads\/2021\/01\/slide0013_image038.jpg\",\"contentUrl\":\"https:\/\/www.kuruc.sk\/wp-content\/uploads\/2021\/01\/slide0013_image038.jpg\",\"width\":138,\"height\":65,\"caption\":\"Kuruc Company spol. s r.o\"},\"image\":{\"@id\":\"https:\/\/www.kuruc.sk\/#\/schema\/logo\/image\/\"}}]}<\/script>\n<!-- \/ Yoast SEO plugin. -->","yoast_head_json":{"title":"Rezanie Laserom a ohybanie - www.kuruc.sk","robots":{"index":"index","follow":"follow","max-snippet":"max-snippet:-1","max-image-preview":"max-image-preview:large","max-video-preview":"max-video-preview:-1"},"canonical":"https:\/\/www.kuruc.sk\/","og_locale":"sk_SK","og_type":"article","og_title":"3DFiber Laser 6 kW rozmer 6000 x 2000mm","og_description":"Disponujeme najmodernej\u0161ou technol\u00f3giou laseru od v\u00fdznamn\u00e9ho \u010d\u00ednskeho v\u00fdrobcu BODOR s patentovan\u00fdm sp\u00f4sobom rezu (rota\u010dn\u00fd l\u00fa\u010d) s v\u00fdnimo\u010dnou kvalitou rezu. - rozmer rezania 2000x6000mm,- hr\u00fabka rezu do 30mm,- rez. materi\u00e1ly \u2013 CU, AL, .ocele r\u00f4zneho druhu.- 3D profil rezanie v d\u013a\u017eke max. 6000mm, priemer 230 mm, in\u00e9m profily max 230 mm- Presnos\u0165 rezu 0,03 mm- Fiber laser v\u00fdkon 6 kW- \u00daprava v\u00fdkresov a kreslenie SolidWorks","og_url":"https:\/\/www.kuruc.sk\/","og_site_name":"www.kuruc.sk","article_modified_time":"2025-12-22T19:45:09+00:00","og_image":[{"width":800,"height":533,"url":"https:\/\/www.kuruc.sk\/wp-content\/uploads\/2023\/03\/18010689_782727091892241_7901973432408026540_n.jpg","type":"image\/jpeg"}],"twitter_card":"summary_large_image","twitter_title":"3D fiber Laser vykon 6 kW rozmer rezania 6000 x 2000 mm","twitter_description":"Disponujeme najmodernej\u0161ou technol\u00f3giou laseru od v\u00fdznamn\u00e9ho \u010d\u00ednskeho v\u00fdrobcu BODOR s patentovan\u00fdm sp\u00f4sobom rezu (rota\u010dn\u00fd l\u00fa\u010d) s v\u00fdnimo\u010dnou kvalitou rezu. - rozmer rezania 2000x6000mm,- hr\u00fabka rezu do 30mm,- rez. materi\u00e1ly \u2013 CU, AL, .ocele r\u00f4zneho druhu.- 3D profil rezanie v d\u013a\u017eke max. 6000mm, priemer 230 mm, in\u00e9m profily max 230 mm- Presnos\u0165 rezu 0,03 mm- Fiber laser v\u00fdkon 6 kW- \u00daprava v\u00fdkresov a kreslenie SolidWorks","twitter_image":"https:\/\/www.kuruc.sk\/wp-content\/uploads\/2023\/03\/18010689_782727091892241_7901973432408026540_n.jpg","twitter_misc":{"Predpokladan\u00fd \u010das \u010d\u00edtania":"2 min\u00faty"},"schema":{"@context":"https:\/\/schema.org","@graph":[{"@type":"WebPage","@id":"https:\/\/www.kuruc.sk\/","url":"https:\/\/www.kuruc.sk\/","name":"Rezanie Laserom a ohybanie - www.kuruc.sk","isPartOf":{"@id":"https:\/\/www.kuruc.sk\/#website"},"primaryImageOfPage":{"@id":"https:\/\/www.kuruc.sk\/#primaryimage"},"image":{"@id":"https:\/\/www.kuruc.sk\/#primaryimage"},"thumbnailUrl":"https:\/\/www.kuruc.sk\/wp-content\/uploads\/2025\/12\/10000016841.jpg","datePublished":"2023-03-29T19:11:47+00:00","dateModified":"2025-12-22T19:45:09+00:00","breadcrumb":{"@id":"https:\/\/www.kuruc.sk\/#breadcrumb"},"inLanguage":"sk-SK","potentialAction":[{"@type":"ReadAction","target":["https:\/\/www.kuruc.sk\/"]}]},{"@type":"ImageObject","inLanguage":"sk-SK","@id":"https:\/\/www.kuruc.sk\/#primaryimage","url":"https:\/\/www.kuruc.sk\/wp-content\/uploads\/2025\/12\/10000016841.jpg","contentUrl":"https:\/\/www.kuruc.sk\/wp-content\/uploads\/2025\/12\/10000016841.jpg","width":512,"height":384},{"@type":"BreadcrumbList","@id":"https:\/\/www.kuruc.sk\/#breadcrumb","itemListElement":[{"@type":"ListItem","position":1,"name":"Home","item":"https:\/\/www.kuruc.sk\/"},{"@type":"ListItem","position":2,"name":"Rezanie Laserom a ohybanie"}]},{"@type":"WebSite","@id":"https:\/\/www.kuruc.sk\/#website","url":"https:\/\/www.kuruc.sk\/","name":"www.kuruc.sk","description":"Recycling technology for real life","publisher":{"@id":"https:\/\/www.kuruc.sk\/#organization"},"potentialAction":[{"@type":"SearchAction","target":{"@type":"EntryPoint","urlTemplate":"https:\/\/www.kuruc.sk\/?s={search_term_string}"},"query-input":"required name=search_term_string"}],"inLanguage":"sk-SK"},{"@type":"Organization","@id":"https:\/\/www.kuruc.sk\/#organization","name":"Kuruc Company spol. s r.o","url":"https:\/\/www.kuruc.sk\/","logo":{"@type":"ImageObject","inLanguage":"sk-SK","@id":"https:\/\/www.kuruc.sk\/#\/schema\/logo\/image\/","url":"https:\/\/www.kuruc.sk\/wp-content\/uploads\/2021\/01\/slide0013_image038.jpg","contentUrl":"https:\/\/www.kuruc.sk\/wp-content\/uploads\/2021\/01\/slide0013_image038.jpg","width":138,"height":65,"caption":"Kuruc Company spol. s r.o"},"image":{"@id":"https:\/\/www.kuruc.sk\/#\/schema\/logo\/image\/"}}]}},"_links":{"self":[{"href":"https:\/\/www.kuruc.sk\/index.php?rest_route=\/wp\/v2\/pages\/445"}],"collection":[{"href":"https:\/\/www.kuruc.sk\/index.php?rest_route=\/wp\/v2\/pages"}],"about":[{"href":"https:\/\/www.kuruc.sk\/index.php?rest_route=\/wp\/v2\/types\/page"}],"author":[{"embeddable":true,"href":"https:\/\/www.kuruc.sk\/index.php?rest_route=\/wp\/v2\/users\/1"}],"replies":[{"embeddable":true,"href":"https:\/\/www.kuruc.sk\/index.php?rest_route=%2Fwp%2Fv2%2Fcomments&post=445"}],"version-history":[{"count":5,"href":"https:\/\/www.kuruc.sk\/index.php?rest_route=\/wp\/v2\/pages\/445\/revisions"}],"predecessor-version":[{"id":538,"href":"https:\/\/www.kuruc.sk\/index.php?rest_route=\/wp\/v2\/pages\/445\/revisions\/538"}],"wp:attachment":[{"href":"https:\/\/www.kuruc.sk\/index.php?rest_route=%2Fwp%2Fv2%2Fmedia&parent=445"}],"curies":[{"name":"wp","href":"https:\/\/api.w.org\/{rel}","templated":true}]}}